{"id":2188,"date":"2019-08-20T11:12:54","date_gmt":"2019-08-20T09:12:54","guid":{"rendered":"https:\/\/kunststoffverpackungen.de\/topics\/plastics-packaging-for-dangerous-goods\/"},"modified":"2023-08-14T16:24:55","modified_gmt":"2023-08-14T14:24:55","slug":"plastics-packaging-for-dangerous-goods","status":"publish","type":"page","link":"https:\/\/kunststoffverpackungen.de\/en\/topics\/plastics-packaging-for-dangerous-goods\/","title":{"rendered":"Plastics packaging for dangerous goods"},"content":{"rendered":"[vc_row type=&#8221;in_container&#8221; full_screen_row_position=&#8221;middle&#8221; scene_position=&#8221;center&#8221; text_color=&#8221;dark&#8221; text_align=&#8221;left&#8221; top_padding=&#8221;30&#8243; bottom_padding=&#8221;50&#8243; class=&#8221;ik-page-brick&#8221; overlay_strength=&#8221;0.3&#8243; shape_divider_position=&#8221;bottom&#8221; bg_image_animation=&#8221;none&#8221; shape_type=&#8221;&#8221;][vc_column column_padding=&#8221;no-extra-padding&#8221; column_padding_position=&#8221;all&#8221; background_color_opacity=&#8221;1&#8243; background_hover_color_opacity=&#8221;1&#8243; column_link_target=&#8221;_self&#8221; column_shadow=&#8221;none&#8221; column_border_radius=&#8221;none&#8221; el_class=&#8221;area-container&#8221; width=&#8221;1\/1&#8243; tablet_width_inherit=&#8221;default&#8221; tablet_text_alignment=&#8221;default&#8221; phone_text_alignment=&#8221;default&#8221; column_border_width=&#8221;none&#8221; column_border_style=&#8221;solid&#8221; bg_image_animation=&#8221;none&#8221;][vc_row_inner column_margin=&#8221;default&#8221; text_align=&#8221;left&#8221;][vc_column_inner column_padding=&#8221;no-extra-padding&#8221; column_padding_position=&#8221;all&#8221; background_color_opacity=&#8221;1&#8243; background_hover_color_opacity=&#8221;1&#8243; column_shadow=&#8221;none&#8221; column_border_radius=&#8221;none&#8221; column_link_target=&#8221;_self&#8221; width=&#8221;1\/1&#8243; tablet_width_inherit=&#8221;default&#8221; column_border_width=&#8221;none&#8221; column_border_style=&#8221;solid&#8221; bg_image_animation=&#8221;none&#8221;][vc_column_text el_class=&#8221;header-blue&#8221;]\n<h1><strong>Plastics packaging for dangerous goods<\/strong><\/h1>\n[\/vc_column_text][\/vc_column_inner][\/vc_row_inner][vc_row_inner column_margin=&#8221;default&#8221; text_align=&#8221;left&#8221;][vc_column_inner column_padding=&#8221;no-extra-padding&#8221; column_padding_position=&#8221;all&#8221; background_color_opacity=&#8221;1&#8243; background_hover_color_opacity=&#8221;1&#8243; column_shadow=&#8221;none&#8221; column_border_radius=&#8221;none&#8221; column_link_target=&#8221;_self&#8221; width=&#8221;5\/6&#8243; tablet_width_inherit=&#8221;default&#8221; column_border_width=&#8221;none&#8221; column_border_style=&#8221;solid&#8221; bg_image_animation=&#8221;none&#8221;][vc_column_text]Around a third of all plastics packaging consumed on the German market is accounted for by packaging for transportation and industry. The share of industrial packaging made from plastics has traditionally been very high in Germany compared with other European countries, as there is a significant demand for drums, canisters, sacks as well as rigid and flexible intermediate bulk containers made from plastics from the main customer, the German chemicals industry, owing to its strong export performance. One of the main areas of focus of the association\u2019s work is therefore addressing the very complex subject of the transportation of dangerous goods in plastics packaging approved for such use. Around 40 IK member firms produce these types of packaging for dangerous goods.<\/p>\n<p>The leading manufacturers of packages for dangerous goods have formed the Quality Assurance Association for Dangerous Goods Packaging (G\u00fctegemeinschaft Kunststoffverpackungen f\u00fcr gef\u00e4hrliche G\u00fcter) under the aegis of IK in order to guarantee strict quality assurance in the production process. Agencies approved by the Federal Institute for Materials Research and Testing (BAM) perform external on-site monitoring on behalf of the quality assurance association. Moreover, the association\u2019s quality criteria also meet the requirements of the RAL quality assurance organisation. Members of the quality assurance association are permitted to use the RAL quality mark for their packages.[\/vc_column_text][\/vc_column_inner][vc_column_inner column_padding=&#8221;no-extra-padding&#8221; column_padding_position=&#8221;all&#8221; background_color_opacity=&#8221;1&#8243; background_hover_color_opacity=&#8221;1&#8243; column_shadow=&#8221;none&#8221; column_border_radius=&#8221;none&#8221; column_link_target=&#8221;_self&#8221; width=&#8221;1\/6&#8243; tablet_width_inherit=&#8221;default&#8221; column_border_width=&#8221;none&#8221; column_border_style=&#8221;solid&#8221; bg_image_animation=&#8221;none&#8221;][image_with_animation image_url=&#8221;2321&#8243; alignment=&#8221;center&#8221; animation=&#8221;Fade In&#8221; border_radius=&#8221;none&#8221; box_shadow=&#8221;none&#8221; max_width=&#8221;100%&#8221;][\/vc_column_inner][\/vc_row_inner][\/vc_column][\/vc_row][vc_row type=&#8221;full_width_background&#8221; full_screen_row_position=&#8221;middle&#8221; bg_color=&#8221;#005da3&#8243; scene_position=&#8221;center&#8221; text_color=&#8221;dark&#8221; text_align=&#8221;left&#8221; overlay_strength=&#8221;0.3&#8243; shape_divider_position=&#8221;bottom&#8221; bg_image_animation=&#8221;none&#8221; shape_type=&#8221;&#8221;][vc_column column_padding=&#8221;no-extra-padding&#8221; column_padding_position=&#8221;all&#8221; background_color_opacity=&#8221;1&#8243; background_hover_color_opacity=&#8221;1&#8243; column_link_target=&#8221;_self&#8221; column_shadow=&#8221;none&#8221; column_border_radius=&#8221;none&#8221; width=&#8221;1\/1&#8243; tablet_width_inherit=&#8221;default&#8221; tablet_text_alignment=&#8221;default&#8221; phone_text_alignment=&#8221;default&#8221; column_border_width=&#8221;none&#8221; column_border_style=&#8221;solid&#8221; bg_image_animation=&#8221;none&#8221;][divider line_type=&#8221;No Line&#8221; custom_height=&#8221;15&#8243;][\/vc_column][\/vc_row][vc_row type=&#8221;full_width_background&#8221; full_screen_row_position=&#8221;middle&#8221; bg_color=&#8221;#00b4c7&#8243; scene_position=&#8221;center&#8221; text_color=&#8221;dark&#8221; text_align=&#8221;left&#8221; top_padding=&#8221;50&#8243; bottom_padding=&#8221;50&#8243; class=&#8221;ik-page-brick&#8221; overlay_strength=&#8221;0.3&#8243; shape_divider_position=&#8221;bottom&#8221; bg_image_animation=&#8221;none&#8221; shape_type=&#8221;&#8221;][vc_column column_padding=&#8221;no-extra-padding&#8221; column_padding_position=&#8221;all&#8221; background_color_opacity=&#8221;1&#8243; background_hover_color_opacity=&#8221;1&#8243; font_color=&#8221;#ffffff&#8221; column_link_target=&#8221;_self&#8221; column_shadow=&#8221;none&#8221; column_border_radius=&#8221;none&#8221; el_class=&#8221;area-container&#8221; width=&#8221;1\/1&#8243; tablet_width_inherit=&#8221;default&#8221; tablet_text_alignment=&#8221;default&#8221; phone_text_alignment=&#8221;default&#8221; column_border_width=&#8221;none&#8221; column_border_style=&#8221;solid&#8221; bg_image_animation=&#8221;none&#8221;][vc_row_inner column_margin=&#8221;default&#8221; text_align=&#8221;left&#8221;][vc_column_inner column_padding=&#8221;no-extra-padding&#8221; column_padding_position=&#8221;all&#8221; background_color_opacity=&#8221;1&#8243; background_hover_color_opacity=&#8221;1&#8243; column_shadow=&#8221;none&#8221; column_border_radius=&#8221;none&#8221; column_link_target=&#8221;_self&#8221; width=&#8221;1\/1&#8243; tablet_width_inherit=&#8221;default&#8221; column_border_width=&#8221;none&#8221; column_border_style=&#8221;solid&#8221; bg_image_animation=&#8221;none&#8221;][vc_column_text]\n<h3><strong>International transportation regulations of the United Nations<\/strong><\/h3>\n[\/vc_column_text][\/vc_column_inner][\/vc_row_inner][vc_row_inner column_margin=&#8221;default&#8221; text_align=&#8221;left&#8221;][vc_column_inner column_padding=&#8221;no-extra-padding&#8221; column_padding_position=&#8221;all&#8221; background_color_opacity=&#8221;1&#8243; background_hover_color_opacity=&#8221;1&#8243; column_shadow=&#8221;none&#8221; column_border_radius=&#8221;none&#8221; column_link_target=&#8221;_self&#8221; width=&#8221;2\/3&#8243; tablet_width_inherit=&#8221;default&#8221; column_border_width=&#8221;none&#8221; column_border_style=&#8221;solid&#8221; bg_image_animation=&#8221;none&#8221;][vc_column_text]In no other segment of the packaging industry do international regulations have more importance than in the packaging industry. International regulations for road, rail and sea transportation are prepared at the level of the United Nations and transposed virtually unchanged into national legislation. They form the basis for business relationships of packaging businesses with their customers, but also with testing organisations and the relevant authorities. IK is the global centre of competence for dangerous goods packaging made from plastics. The secretariat of the ICPP International Confederation of Plastic Packaging Manufacturers is accordingly located at IK. ICPP has a consultative status with the United Nations in Geneva, where it can bring its professional influence to bear on the drafting of regulations. Furthermore, IK is represented on the various national bodies dealing with the transportation of dangerous goods where it collaborates closely with the Federal Ministry of Transport and the Federal Institute for Materials Research and Testing.<\/p>\n<p>IK also hosts the secretariat of the European Flexible Bulk Container Association (EFIBCA), which lobbies on behalf of manufacturers and sellers of such \u201dbig bags\u201d operating in the European market.[\/vc_column_text][\/vc_column_inner][vc_column_inner column_padding=&#8221;no-extra-padding&#8221; column_padding_position=&#8221;all&#8221; background_color_opacity=&#8221;1&#8243; background_hover_color_opacity=&#8221;1&#8243; column_shadow=&#8221;none&#8221; column_border_radius=&#8221;none&#8221; column_link_target=&#8221;_self&#8221; width=&#8221;1\/3&#8243; tablet_width_inherit=&#8221;default&#8221; column_border_width=&#8221;none&#8221; column_border_style=&#8221;solid&#8221; bg_image_animation=&#8221;none&#8221;][image_with_animation image_url=&#8221;2069&#8243; alignment=&#8221;&#8221; animation=&#8221;Fade In&#8221; border_radius=&#8221;none&#8221; box_shadow=&#8221;none&#8221; max_width=&#8221;100%&#8221;][\/vc_column_inner][\/vc_row_inner][\/vc_column][\/vc_row][vc_row type=&#8221;full_width_background&#8221; full_screen_row_position=&#8221;middle&#8221; bg_color=&#8221;#8ac53f&#8221; scene_position=&#8221;center&#8221; text_color=&#8221;dark&#8221; text_align=&#8221;left&#8221; class=&#8221;ik-page-brick&#8221; overlay_strength=&#8221;0.3&#8243; shape_divider_position=&#8221;bottom&#8221; bg_image_animation=&#8221;none&#8221; shape_type=&#8221;&#8221;][vc_column column_padding=&#8221;no-extra-padding&#8221; column_padding_position=&#8221;all&#8221; background_color_opacity=&#8221;1&#8243; background_hover_color_opacity=&#8221;1&#8243; column_link_target=&#8221;_self&#8221; column_shadow=&#8221;none&#8221; column_border_radius=&#8221;none&#8221; width=&#8221;1\/1&#8243; tablet_width_inherit=&#8221;default&#8221; tablet_text_alignment=&#8221;default&#8221; phone_text_alignment=&#8221;default&#8221; column_border_width=&#8221;none&#8221; column_border_style=&#8221;solid&#8221; bg_image_animation=&#8221;none&#8221;][divider line_type=&#8221;No Line&#8221; custom_height=&#8221;15&#8243;][\/vc_column][\/vc_row][vc_row type=&#8221;in_container&#8221; full_screen_row_position=&#8221;middle&#8221; scene_position=&#8221;center&#8221; text_color=&#8221;dark&#8221; text_align=&#8221;left&#8221; top_padding=&#8221;50&#8243; bottom_padding=&#8221;50&#8243; overlay_strength=&#8221;0.3&#8243; shape_divider_position=&#8221;bottom&#8221; bg_image_animation=&#8221;none&#8221; shape_type=&#8221;&#8221;][vc_column column_padding=&#8221;no-extra-padding&#8221; column_padding_position=&#8221;all&#8221; background_color_opacity=&#8221;1&#8243; background_hover_color_opacity=&#8221;1&#8243; column_link_target=&#8221;_self&#8221; column_shadow=&#8221;none&#8221; column_border_radius=&#8221;none&#8221; width=&#8221;1\/1&#8243; tablet_width_inherit=&#8221;default&#8221; tablet_text_alignment=&#8221;default&#8221; phone_text_alignment=&#8221;default&#8221; column_border_width=&#8221;none&#8221; column_border_style=&#8221;solid&#8221; bg_image_animation=&#8221;none&#8221;][vc_column_text el_class=&#8221;header-blue&#8221; css=&#8221;.vc_custom_1562917907236{margin-top: 30px !important;margin-bottom: 50px !important;}&#8221;]\n<h3>FURTHER INFORMATION<\/h3>\n[\/vc_column_text][vc_row_inner column_margin=&#8221;default&#8221; text_align=&#8221;left&#8221;][vc_column_inner column_padding=&#8221;no-extra-padding&#8221; column_padding_position=&#8221;all&#8221; background_color_opacity=&#8221;1&#8243; background_hover_color_opacity=&#8221;1&#8243; column_shadow=&#8221;none&#8221; column_border_radius=&#8221;none&#8221; column_link_target=&#8221;_self&#8221; el_class=&#8221;centered-icon-with-button-flex&#8221; width=&#8221;1\/3&#8243; tablet_width_inherit=&#8221;default&#8221; column_border_width=&#8221;none&#8221; column_border_style=&#8221;solid&#8221; bg_image_animation=&#8221;none&#8221;][nectar_icon icon_family=&#8221;fontawesome&#8221; icon_style=&#8221;default&#8221; icon_color=&#8221;Extra-Color-2&#8243; icon_padding=&#8221;20px&#8221; icon_fontawesome=&#8221;fa fa-calendar-o&#8221; icon_size=&#8221;100&#8243;][nectar_btn size=&#8221;medium&#8221; button_style=&#8221;regular&#8221; button_color_2=&#8221;Extra-Color-2&#8243; icon_family=&#8221;none&#8221; el_class=&#8221;ik-button&#8221; url=&#8221;\/service-termine\/veranstaltungskalender\/&#8221; text=&#8221;Events&#8221;][\/vc_column_inner][vc_column_inner column_padding=&#8221;no-extra-padding&#8221; column_padding_position=&#8221;all&#8221; background_color_opacity=&#8221;1&#8243; background_hover_color_opacity=&#8221;1&#8243; column_shadow=&#8221;none&#8221; column_border_radius=&#8221;none&#8221; column_link_target=&#8221;_self&#8221; el_class=&#8221;centered-icon-with-button-flex&#8221; width=&#8221;1\/3&#8243; tablet_width_inherit=&#8221;default&#8221; column_border_width=&#8221;none&#8221; column_border_style=&#8221;solid&#8221; bg_image_animation=&#8221;none&#8221;][nectar_icon icon_family=&#8221;fontawesome&#8221; icon_style=&#8221;default&#8221; icon_color=&#8221;Extra-Color-2&#8243; icon_padding=&#8221;20px&#8221; icon_fontawesome=&#8221;fa fa-floppy-o&#8221; icon_size=&#8221;100&#8243;][nectar_btn size=&#8221;medium&#8221; button_style=&#8221;regular&#8221; button_color_2=&#8221;Extra-Color-2&#8243; icon_family=&#8221;none&#8221; el_class=&#8221;ik-button&#8221; url=&#8221;\/en\/press-information\/publications\/&#8221; text=&#8221;Order Training Material&#8221;][\/vc_column_inner][vc_column_inner column_padding=&#8221;no-extra-padding&#8221; column_padding_position=&#8221;all&#8221; background_color_opacity=&#8221;1&#8243; background_hover_color_opacity=&#8221;1&#8243; column_shadow=&#8221;none&#8221; column_border_radius=&#8221;none&#8221; column_link_target=&#8221;_self&#8221; el_class=&#8221;centered-icon-with-button-flex&#8221; width=&#8221;1\/3&#8243; tablet_width_inherit=&#8221;default&#8221; column_border_width=&#8221;none&#8221; column_border_style=&#8221;solid&#8221; bg_image_animation=&#8221;none&#8221;][nectar_icon icon_family=&#8221;fontawesome&#8221; icon_style=&#8221;default&#8221; icon_color=&#8221;Extra-Color-2&#8243; icon_padding=&#8221;20px&#8221; icon_fontawesome=&#8221;fa fa-newspaper-o&#8221; icon_size=&#8221;100&#8243;][nectar_btn size=&#8221;medium&#8221; open_new_tab=&#8221;true&#8221; button_style=&#8221;regular&#8221; button_color_2=&#8221;Extra-Color-2&#8243; icon_family=&#8221;none&#8221; el_class=&#8221;ik-button&#8221; url=&#8221;https:\/\/newsroom.kunststoffverpackungen.de\/pressinformation-ik&#8221; text=&#8221;Newsroom&#8221;][\/vc_column_inner][\/vc_row_inner][\/vc_column][\/vc_row]\n","protected":false},"excerpt":{"rendered":"<p>[vc_row type=&#8221;in_container&#8221; full_screen_row_position=&#8221;middle&#8221; scene_position=&#8221;center&#8221; text_color=&#8221;dark&#8221; text_align=&#8221;left&#8221; top_padding=&#8221;30&#8243; bottom_padding=&#8221;50&#8243; class=&#8221;ik-page-brick&#8221; overlay_strength=&#8221;0.3&#8243; shape_divider_position=&#8221;bottom&#8221; bg_image_animation=&#8221;none&#8221; shape_type=&#8221;&#8221;][vc_column column_padding=&#8221;no-extra-padding&#8221; column_padding_position=&#8221;all&#8221; background_color_opacity=&#8221;1&#8243; background_hover_color_opacity=&#8221;1&#8243; column_link_target=&#8221;_self&#8221; column_shadow=&#8221;none&#8221; column_border_radius=&#8221;none&#8221; el_class=&#8221;area-container&#8221; width=&#8221;1\/1&#8243; tablet_width_inherit=&#8221;default&#8221; tablet_text_alignment=&#8221;default&#8221; phone_text_alignment=&#8221;default&#8221; column_border_width=&#8221;none&#8221; column_border_style=&#8221;solid&#8221; bg_image_animation=&#8221;none&#8221;][vc_row_inner column_margin=&#8221;default&#8221; text_align=&#8221;left&#8221;][vc_column_inner&#8230;<\/p>\n","protected":false},"author":10,"featured_media":0,"parent":31,"menu_order":5,"comment_status":"closed","ping_status":"closed","template":"","meta":{"_acf_changed":false,"footnotes":""},"class_list":["post-2188","page","type-page","status-publish"],"acf":[],"yoast_head":"<!-- This site is optimized with the Yoast SEO plugin v26.7 - https:\/\/yoast.com\/wordpress\/plugins\/seo\/ -->\n<title>Plastic packaging for dangerous goods<\/title>\n<meta name=\"description\" content=\"The IK G\u00fctegemeinschaft Kunststoffverpackungen f\u00fcr gef\u00e4hrliche G\u00fcter is an association of leading manufacturers of hazardous goods packaging.\" \/>\n<meta name=\"robots\" content=\"index, follow, max-snippet:-1, max-image-preview:large, max-video-preview:-1\" \/>\n<link rel=\"canonical\" href=\"https:\/\/kunststoffverpackungen.de\/en\/topics\/plastics-packaging-for-dangerous-goods\/\" \/>\n<meta property=\"og:locale\" content=\"en_GB\" \/>\n<meta property=\"og:type\" content=\"article\" \/>\n<meta property=\"og:title\" content=\"Plastic packaging for dangerous goods\" \/>\n<meta property=\"og:description\" content=\"The IK G\u00fctegemeinschaft Kunststoffverpackungen f\u00fcr gef\u00e4hrliche G\u00fcter is an association of leading manufacturers of hazardous goods packaging.\" \/>\n<meta property=\"og:url\" content=\"https:\/\/kunststoffverpackungen.de\/en\/topics\/plastics-packaging-for-dangerous-goods\/\" \/>\n<meta property=\"og:site_name\" content=\"IK - Industrievereinigung Kunststoffverpackungen e.V\" \/>\n<meta property=\"article:publisher\" content=\"https:\/\/www.facebook.com\/Newsroom.Kunststoffverpackungen\/\" \/>\n<meta property=\"article:modified_time\" content=\"2023-08-14T14:24:55+00:00\" \/>\n<meta name=\"twitter:card\" content=\"summary_large_image\" \/>\n<meta name=\"twitter:label1\" content=\"Estimated reading time\" \/>\n\t<meta name=\"twitter:data1\" content=\"5 minutes\" \/>\n<script type=\"application\/ld+json\" class=\"yoast-schema-graph\">{\"@context\":\"https:\/\/schema.org\",\"@graph\":[{\"@type\":\"WebPage\",\"@id\":\"https:\/\/kunststoffverpackungen.de\/en\/topics\/plastics-packaging-for-dangerous-goods\/\",\"url\":\"https:\/\/kunststoffverpackungen.de\/en\/topics\/plastics-packaging-for-dangerous-goods\/\",\"name\":\"Plastic packaging for dangerous goods\",\"isPartOf\":{\"@id\":\"https:\/\/kunststoffverpackungen.de\/#website\"},\"datePublished\":\"2019-08-20T09:12:54+00:00\",\"dateModified\":\"2023-08-14T14:24:55+00:00\",\"description\":\"The IK G\u00fctegemeinschaft Kunststoffverpackungen f\u00fcr gef\u00e4hrliche G\u00fcter is an association of leading manufacturers of hazardous goods packaging.\",\"breadcrumb\":{\"@id\":\"https:\/\/kunststoffverpackungen.de\/en\/topics\/plastics-packaging-for-dangerous-goods\/#breadcrumb\"},\"inLanguage\":\"en-GB\",\"potentialAction\":[{\"@type\":\"ReadAction\",\"target\":[\"https:\/\/kunststoffverpackungen.de\/en\/topics\/plastics-packaging-for-dangerous-goods\/\"]}]},{\"@type\":\"BreadcrumbList\",\"@id\":\"https:\/\/kunststoffverpackungen.de\/en\/topics\/plastics-packaging-for-dangerous-goods\/#breadcrumb\",\"itemListElement\":[{\"@type\":\"ListItem\",\"position\":1,\"name\":\"Startseite\",\"item\":\"https:\/\/kunststoffverpackungen.de\/\"},{\"@type\":\"ListItem\",\"position\":2,\"name\":\"Specialist topics\",\"item\":\"https:\/\/kunststoffverpackungen.de\/en\/topics\/\"},{\"@type\":\"ListItem\",\"position\":3,\"name\":\"Plastics packaging for dangerous goods\"}]},{\"@type\":\"WebSite\",\"@id\":\"https:\/\/kunststoffverpackungen.de\/#website\",\"url\":\"https:\/\/kunststoffverpackungen.de\/\",\"name\":\"IK - Industrievereinigung Kunststoffverpackungen e.V\",\"description\":\"\",\"publisher\":{\"@id\":\"https:\/\/kunststoffverpackungen.de\/#organization\"},\"potentialAction\":[{\"@type\":\"SearchAction\",\"target\":{\"@type\":\"EntryPoint\",\"urlTemplate\":\"https:\/\/kunststoffverpackungen.de\/?s={search_term_string}\"},\"query-input\":{\"@type\":\"PropertyValueSpecification\",\"valueRequired\":true,\"valueName\":\"search_term_string\"}}],\"inLanguage\":\"en-GB\"},{\"@type\":\"Organization\",\"@id\":\"https:\/\/kunststoffverpackungen.de\/#organization\",\"name\":\"IK Industrievereinigung Kunststoffverpackungen e.V.\",\"url\":\"https:\/\/kunststoffverpackungen.de\/\",\"logo\":{\"@type\":\"ImageObject\",\"inLanguage\":\"en-GB\",\"@id\":\"https:\/\/kunststoffverpackungen.de\/#\/schema\/logo\/image\/\",\"url\":\"https:\/\/kunststoffverpackungen.de\/wp-content\/uploads\/2019\/05\/ik-logo.png\",\"contentUrl\":\"https:\/\/kunststoffverpackungen.de\/wp-content\/uploads\/2019\/05\/ik-logo.png\",\"width\":1979,\"height\":1200,\"caption\":\"IK Industrievereinigung Kunststoffverpackungen e.V.\"},\"image\":{\"@id\":\"https:\/\/kunststoffverpackungen.de\/#\/schema\/logo\/image\/\"},\"sameAs\":[\"https:\/\/www.facebook.com\/Newsroom.Kunststoffverpackungen\/\",\"https:\/\/www.instagram.com\/newsroom_kunststoffverpackung\/\",\"https:\/\/www.linkedin.com\/company\/ik-verband\/\"]}]}<\/script>\n<!-- \/ Yoast SEO plugin. -->","yoast_head_json":{"title":"Plastic packaging for dangerous goods","description":"The IK G\u00fctegemeinschaft Kunststoffverpackungen f\u00fcr gef\u00e4hrliche G\u00fcter is an association of leading manufacturers of hazardous goods packaging.","robots":{"index":"index","follow":"follow","max-snippet":"max-snippet:-1","max-image-preview":"max-image-preview:large","max-video-preview":"max-video-preview:-1"},"canonical":"https:\/\/kunststoffverpackungen.de\/en\/topics\/plastics-packaging-for-dangerous-goods\/","og_locale":"en_GB","og_type":"article","og_title":"Plastic packaging for dangerous goods","og_description":"The IK G\u00fctegemeinschaft Kunststoffverpackungen f\u00fcr gef\u00e4hrliche G\u00fcter is an association of leading manufacturers of hazardous goods packaging.","og_url":"https:\/\/kunststoffverpackungen.de\/en\/topics\/plastics-packaging-for-dangerous-goods\/","og_site_name":"IK - Industrievereinigung Kunststoffverpackungen e.V","article_publisher":"https:\/\/www.facebook.com\/Newsroom.Kunststoffverpackungen\/","article_modified_time":"2023-08-14T14:24:55+00:00","twitter_card":"summary_large_image","twitter_misc":{"Estimated reading time":"5 minutes"},"schema":{"@context":"https:\/\/schema.org","@graph":[{"@type":"WebPage","@id":"https:\/\/kunststoffverpackungen.de\/en\/topics\/plastics-packaging-for-dangerous-goods\/","url":"https:\/\/kunststoffverpackungen.de\/en\/topics\/plastics-packaging-for-dangerous-goods\/","name":"Plastic packaging for dangerous goods","isPartOf":{"@id":"https:\/\/kunststoffverpackungen.de\/#website"},"datePublished":"2019-08-20T09:12:54+00:00","dateModified":"2023-08-14T14:24:55+00:00","description":"The IK G\u00fctegemeinschaft Kunststoffverpackungen f\u00fcr gef\u00e4hrliche G\u00fcter is an association of leading manufacturers of hazardous goods packaging.","breadcrumb":{"@id":"https:\/\/kunststoffverpackungen.de\/en\/topics\/plastics-packaging-for-dangerous-goods\/#breadcrumb"},"inLanguage":"en-GB","potentialAction":[{"@type":"ReadAction","target":["https:\/\/kunststoffverpackungen.de\/en\/topics\/plastics-packaging-for-dangerous-goods\/"]}]},{"@type":"BreadcrumbList","@id":"https:\/\/kunststoffverpackungen.de\/en\/topics\/plastics-packaging-for-dangerous-goods\/#breadcrumb","itemListElement":[{"@type":"ListItem","position":1,"name":"Startseite","item":"https:\/\/kunststoffverpackungen.de\/"},{"@type":"ListItem","position":2,"name":"Specialist topics","item":"https:\/\/kunststoffverpackungen.de\/en\/topics\/"},{"@type":"ListItem","position":3,"name":"Plastics packaging for dangerous goods"}]},{"@type":"WebSite","@id":"https:\/\/kunststoffverpackungen.de\/#website","url":"https:\/\/kunststoffverpackungen.de\/","name":"IK - Industrievereinigung Kunststoffverpackungen e.V","description":"","publisher":{"@id":"https:\/\/kunststoffverpackungen.de\/#organization"},"potentialAction":[{"@type":"SearchAction","target":{"@type":"EntryPoint","urlTemplate":"https:\/\/kunststoffverpackungen.de\/?s={search_term_string}"},"query-input":{"@type":"PropertyValueSpecification","valueRequired":true,"valueName":"search_term_string"}}],"inLanguage":"en-GB"},{"@type":"Organization","@id":"https:\/\/kunststoffverpackungen.de\/#organization","name":"IK Industrievereinigung Kunststoffverpackungen e.V.","url":"https:\/\/kunststoffverpackungen.de\/","logo":{"@type":"ImageObject","inLanguage":"en-GB","@id":"https:\/\/kunststoffverpackungen.de\/#\/schema\/logo\/image\/","url":"https:\/\/kunststoffverpackungen.de\/wp-content\/uploads\/2019\/05\/ik-logo.png","contentUrl":"https:\/\/kunststoffverpackungen.de\/wp-content\/uploads\/2019\/05\/ik-logo.png","width":1979,"height":1200,"caption":"IK Industrievereinigung Kunststoffverpackungen e.V."},"image":{"@id":"https:\/\/kunststoffverpackungen.de\/#\/schema\/logo\/image\/"},"sameAs":["https:\/\/www.facebook.com\/Newsroom.Kunststoffverpackungen\/","https:\/\/www.instagram.com\/newsroom_kunststoffverpackung\/","https:\/\/www.linkedin.com\/company\/ik-verband\/"]}]}},"_links":{"self":[{"href":"https:\/\/kunststoffverpackungen.de\/en\/wp-json\/wp\/v2\/pages\/2188","targetHints":{"allow":["GET"]}}],"collection":[{"href":"https:\/\/kunststoffverpackungen.de\/en\/wp-json\/wp\/v2\/pages"}],"about":[{"href":"https:\/\/kunststoffverpackungen.de\/en\/wp-json\/wp\/v2\/types\/page"}],"author":[{"embeddable":true,"href":"https:\/\/kunststoffverpackungen.de\/en\/wp-json\/wp\/v2\/users\/10"}],"replies":[{"embeddable":true,"href":"https:\/\/kunststoffverpackungen.de\/en\/wp-json\/wp\/v2\/comments?post=2188"}],"version-history":[{"count":1,"href":"https:\/\/kunststoffverpackungen.de\/en\/wp-json\/wp\/v2\/pages\/2188\/revisions"}],"predecessor-version":[{"id":5831,"href":"https:\/\/kunststoffverpackungen.de\/en\/wp-json\/wp\/v2\/pages\/2188\/revisions\/5831"}],"up":[{"embeddable":true,"href":"https:\/\/kunststoffverpackungen.de\/en\/wp-json\/wp\/v2\/pages\/31"}],"wp:attachment":[{"href":"https:\/\/kunststoffverpackungen.de\/en\/wp-json\/wp\/v2\/media?parent=2188"}],"curies":[{"name":"wp","href":"https:\/\/api.w.org\/{rel}","templated":true}]}}